{"id":36,"date":"2018-10-15T20:35:01","date_gmt":"2018-10-15T20:35:01","guid":{"rendered":"https:\/\/mudrace.progressionstudios.com\/?page_id=36"},"modified":"2022-10-31T09:36:08","modified_gmt":"2022-10-31T13:36:08","slug":"contact","status":"publish","type":"page","link":"https:\/\/warriorendurance.com\/en\/contact\/","title":{"rendered":"Contact Us"},"content":{"rendered":"<div data-elementor-type=\"wp-post\" data-elementor-id=\"36\" class=\"elementor elementor-36\">\n\t\t\t\t\t\t<section class=\"elementor-section elementor-top-section elementor-element elementor-element-3bf5498b elementor-section-boxed elementor-section-height-default elementor-section-height-default\" data-id=\"3bf5498b\" data-element_type=\"section\" data-settings=\"{&quot;background_background&quot;:&quot;classic&quot;}\">\n\t\t\t\t\t\t<div class=\"elementor-container elementor-column-gap-default\">\n\t\t\t\t\t<div class=\"elementor-column elementor-col-100 elementor-top-column elementor-element elementor-element-9d3f7cc\" data-id=\"9d3f7cc\" data-element_type=\"column\">\n\t\t\t<div class=\"elementor-widget-wrap elementor-element-populated\">\n\t\t\t\t\t\t<div class=\"elementor-element elementor-element-6b0017 elementor-widget elementor-widget-heading\" data-id=\"6b0017\" data-element_type=\"widget\" data-widget_type=\"heading.default\">\n\t\t\t\t<div class=\"elementor-widget-container\">\n\t\t\t<h2 class=\"elementor-heading-title elementor-size-default\"><span class=\"underline\">Contact<\/span>Us<\/h2>\t\t<\/div>\n\t\t\t\t<\/div>\n\t\t\t\t<div class=\"elementor-element elementor-element-4b902d48 elementor-widget elementor-widget-heading\" data-id=\"4b902d48\" data-element_type=\"widget\" data-widget_type=\"heading.default\">\n\t\t\t\t<div class=\"elementor-widget-container\">\n\t\t\t<div class=\"elementor-heading-title elementor-size-default\">Customer service question ? Good. Inquiry about your upcoming challenges ? Not good.<\/div>\t\t<\/div>\n\t\t\t\t<\/div>\n\t\t\t\t<div class=\"elementor-element elementor-element-143ab361 elementor-widget elementor-widget-boosted-elements-contact-form\" data-id=\"143ab361\" data-element_type=\"widget\" data-widget_type=\"boosted-elements-contact-form.default\">\n\t\t\t\t<div class=\"elementor-widget-container\">\n\t\t\t\t\n\t\n\t\t\t<div class=\"boosted-elements-progression-contact-form-container\">\t\t\n\t\t\t\n<div class=\"wpcf7 no-js\" id=\"wpcf7-f11-o1\" lang=\"en-US\" dir=\"ltr\" data-wpcf7-id=\"11\">\n<div class=\"screen-reader-response\"><p role=\"status\" aria-live=\"polite\" aria-atomic=\"true\"><\/p> <ul><\/ul><\/div>\n<form action=\"\/en\/wp-json\/wp\/v2\/pages\/36#wpcf7-f11-o1\" method=\"post\" class=\"wpcf7-form init\" aria-label=\"Contact form\" novalidate=\"novalidate\" data-status=\"init\" data-trp-original-action=\"\/en\/wp-json\/wp\/v2\/pages\/36#wpcf7-f11-o1\">\n<fieldset class=\"hidden-fields-container\"><input type=\"hidden\" name=\"_wpcf7\" value=\"11\" \/><input type=\"hidden\" name=\"_wpcf7_version\" value=\"6.1.5\" \/><input type=\"hidden\" name=\"_wpcf7_locale\" value=\"en_US\" \/><input type=\"hidden\" name=\"_wpcf7_unit_tag\" value=\"wpcf7-f11-o1\" \/><input type=\"hidden\" name=\"_wpcf7_container_post\" value=\"0\" \/><input type=\"hidden\" name=\"_wpcf7_posted_data_hash\" value=\"\" \/>\n<\/fieldset>\n<p><span class=\"wpcf7-form-control-wrap\" data-name=\"your-name\"><input size=\"40\" maxlength=\"400\" class=\"wpcf7-form-control wpcf7-text wpcf7-validates-as-required\" aria-required=\"true\" aria-invalid=\"false\" placeholder=\"Name\" value=\"\" type=\"text\" name=\"your-name\" \/><\/span>\n<\/p>\n<p><span class=\"wpcf7-form-control-wrap\" data-name=\"your-email\"><input size=\"40\" maxlength=\"400\" class=\"wpcf7-form-control wpcf7-email wpcf7-validates-as-required wpcf7-text wpcf7-validates-as-email\" aria-required=\"true\" aria-invalid=\"false\" placeholder=\"E-Mail\" value=\"\" type=\"email\" name=\"your-email\" \/><\/span>\n<\/p>\n<p><span class=\"wpcf7-form-control-wrap\" data-name=\"your-subject\"><input size=\"40\" maxlength=\"400\" class=\"wpcf7-form-control wpcf7-text\" aria-invalid=\"false\" placeholder=\"Subject\" value=\"\" type=\"text\" name=\"your-subject\" \/><\/span>\n<\/p>\n<p><span class=\"wpcf7-form-control-wrap\" data-name=\"your-message\"><textarea cols=\"40\" rows=\"10\" maxlength=\"2000\" class=\"wpcf7-form-control wpcf7-textarea\" aria-invalid=\"false\" placeholder=\"Message\" name=\"your-message\"><\/textarea><\/span>\n<\/p>\n<p><input class=\"wpcf7-form-control wpcf7-submit has-spinner\" type=\"submit\" value=\"Send\" \/>\n<\/p><div class=\"wpcf7-response-output\" aria-hidden=\"true\"><\/div>\n<input type=\"hidden\" name=\"trp-form-language\" value=\"en\"\/><\/form>\n<\/div>\n\t\t<\/div><!-- close .boosted-elements-progression-contact-form-container -->\n\t\t\n\t\t\t<\/div>\n\t\t\t\t<\/div>\n\t\t\t\t\t<\/div>\n\t\t<\/div>\n\t\t\t\t\t<\/div>\n\t\t<\/section>\n\t\t\t\t<\/div>","protected":false},"excerpt":{"rendered":"<p>Contacte-nous Question de service ? Good. Question sur tes d\u00e9fis ? Not good.<\/p>","protected":false},"author":1,"featured_media":1712,"parent":0,"menu_order":0,"comment_status":"closed","ping_status":"closed","template":"","meta":{"_monsterinsights_skip_tracking":false,"_monsterinsights_sitenote_active":false,"_monsterinsights_sitenote_note":"","_monsterinsights_sitenote_category":0,"footnotes":""},"class_list":["post-36","page","type-page","status-publish","has-post-thumbnail"],"yoast_head":"<!-- This site is optimized with the Yoast SEO plugin v27.1.1 - https:\/\/yoast.com\/product\/yoast-seo-wordpress\/ -->\n<title>Contacte-nous - Warrior Endurance<\/title>\n<meta name=\"description\" content=\"Pose-nous tes questions sur la logistique de nos courses d&#039;endurance. \u00c9vite toute question concernant tes d\u00e9fis \u00e0 venir. S\u00e9rieusement.\" \/>\n<meta name=\"robots\" content=\"index, follow, max-snippet:-1, max-image-preview:large, max-video-preview:-1\" \/>\n<link rel=\"canonical\" href=\"https:\/\/warriorendurance.com\/en\/contact\/\" \/>\n<meta property=\"og:locale\" content=\"en_US\" \/>\n<meta property=\"og:type\" content=\"article\" \/>\n<meta property=\"og:title\" content=\"Contacte-nous - Warrior Endurance\" \/>\n<meta property=\"og:description\" content=\"Pose-nous tes questions sur la logistique de nos courses d&#039;endurance. \u00c9vite toute question concernant tes d\u00e9fis \u00e0 venir. S\u00e9rieusement.\" \/>\n<meta property=\"og:url\" content=\"https:\/\/warriorendurance.com\/en\/contact\/\" \/>\n<meta property=\"og:site_name\" content=\"Warrior Endurance\" \/>\n<meta property=\"article:modified_time\" content=\"2022-10-31T13:36:08+00:00\" \/>\n<meta property=\"og:image\" content=\"https:\/\/warriorendurance.com\/wp-content\/uploads\/2019\/08\/alpha-001_hor_wm43.jpg\" \/>\n\t<meta property=\"og:image:width\" content=\"1920\" \/>\n\t<meta property=\"og:image:height\" content=\"933\" \/>\n\t<meta property=\"og:image:type\" content=\"image\/jpeg\" \/>\n<meta name=\"twitter:card\" content=\"summary_large_image\" \/>\n<meta name=\"twitter:label1\" content=\"Est. reading time\" \/>\n\t<meta name=\"twitter:data1\" content=\"1 minute\" \/>\n<script type=\"application\/ld+json\" class=\"yoast-schema-graph\">{\"@context\":\"https:\/\/schema.org\",\"@graph\":[{\"@type\":\"WebPage\",\"@id\":\"https:\/\/warriorendurance.com\/contact\/\",\"url\":\"https:\/\/warriorendurance.com\/contact\/\",\"name\":\"Contacte-nous - Warrior Endurance\",\"isPartOf\":{\"@id\":\"https:\/\/warriorendurance.com\/#website\"},\"primaryImageOfPage\":{\"@id\":\"https:\/\/warriorendurance.com\/contact\/#primaryimage\"},\"image\":{\"@id\":\"https:\/\/warriorendurance.com\/contact\/#primaryimage\"},\"thumbnailUrl\":\"https:\/\/warriorendurance.com\/wp-content\/uploads\/2019\/08\/alpha-001_hor_wm43.jpg\",\"datePublished\":\"2018-10-15T20:35:01+00:00\",\"dateModified\":\"2022-10-31T13:36:08+00:00\",\"description\":\"Pose-nous tes questions sur la logistique de nos courses d'endurance. \u00c9vite toute question concernant tes d\u00e9fis \u00e0 venir. S\u00e9rieusement.\",\"breadcrumb\":{\"@id\":\"https:\/\/warriorendurance.com\/contact\/#breadcrumb\"},\"inLanguage\":\"en-CA\",\"potentialAction\":[{\"@type\":\"ReadAction\",\"target\":[\"https:\/\/warriorendurance.com\/contact\/\"]}]},{\"@type\":\"ImageObject\",\"inLanguage\":\"en-CA\",\"@id\":\"https:\/\/warriorendurance.com\/contact\/#primaryimage\",\"url\":\"https:\/\/warriorendurance.com\/wp-content\/uploads\/2019\/08\/alpha-001_hor_wm43.jpg\",\"contentUrl\":\"https:\/\/warriorendurance.com\/wp-content\/uploads\/2019\/08\/alpha-001_hor_wm43.jpg\",\"width\":1920,\"height\":933,\"caption\":\"Warrior Endurance | Course d'endurance\"},{\"@type\":\"BreadcrumbList\",\"@id\":\"https:\/\/warriorendurance.com\/contact\/#breadcrumb\",\"itemListElement\":[{\"@type\":\"ListItem\",\"position\":1,\"name\":\"Home\",\"item\":\"https:\/\/warriorendurance.com\/\"},{\"@type\":\"ListItem\",\"position\":2,\"name\":\"Contacte-nous\"}]},{\"@type\":\"WebSite\",\"@id\":\"https:\/\/warriorendurance.com\/#website\",\"url\":\"https:\/\/warriorendurance.com\/\",\"name\":\"Warrior Endurance\",\"description\":\"Courses d&#039;aventure et de d\u00e9fis coh\u00e9sifs | Adventure races and teamwork-based challenges\",\"publisher\":{\"@id\":\"https:\/\/warriorendurance.com\/#organization\"},\"potentialAction\":[{\"@type\":\"SearchAction\",\"target\":{\"@type\":\"EntryPoint\",\"urlTemplate\":\"https:\/\/warriorendurance.com\/?s={search_term_string}\"},\"query-input\":{\"@type\":\"PropertyValueSpecification\",\"valueRequired\":true,\"valueName\":\"search_term_string\"}}],\"inLanguage\":\"en-CA\"},{\"@type\":\"Organization\",\"@id\":\"https:\/\/warriorendurance.com\/#organization\",\"name\":\"Warrior Endurance\",\"url\":\"https:\/\/warriorendurance.com\/\",\"logo\":{\"@type\":\"ImageObject\",\"inLanguage\":\"en-CA\",\"@id\":\"https:\/\/warriorendurance.com\/#\/schema\/logo\/image\/\",\"url\":\"https:\/\/warriorendurance.com\/wp-content\/uploads\/2019\/06\/WE_logo_1000px-dark.png\",\"contentUrl\":\"https:\/\/warriorendurance.com\/wp-content\/uploads\/2019\/06\/WE_logo_1000px-dark.png\",\"width\":1000,\"height\":1000,\"caption\":\"Warrior Endurance\"},\"image\":{\"@id\":\"https:\/\/warriorendurance.com\/#\/schema\/logo\/image\/\"}}]}<\/script>\n<!-- \/ Yoast SEO plugin. -->","yoast_head_json":{"title":"Contacte-nous - Warrior Endurance","description":"Pose-nous tes questions sur la logistique de nos courses d'endurance. \u00c9vite toute question concernant tes d\u00e9fis \u00e0 venir. S\u00e9rieusement.","robots":{"index":"index","follow":"follow","max-snippet":"max-snippet:-1","max-image-preview":"max-image-preview:large","max-video-preview":"max-video-preview:-1"},"canonical":"https:\/\/warriorendurance.com\/en\/contact\/","og_locale":"en_US","og_type":"article","og_title":"Contacte-nous - Warrior Endurance","og_description":"Pose-nous tes questions sur la logistique de nos courses d'endurance. \u00c9vite toute question concernant tes d\u00e9fis \u00e0 venir. S\u00e9rieusement.","og_url":"https:\/\/warriorendurance.com\/en\/contact\/","og_site_name":"Warrior Endurance","article_modified_time":"2022-10-31T13:36:08+00:00","og_image":[{"width":1920,"height":933,"url":"https:\/\/warriorendurance.com\/wp-content\/uploads\/2019\/08\/alpha-001_hor_wm43.jpg","type":"image\/jpeg"}],"twitter_card":"summary_large_image","twitter_misc":{"Est. reading time":"1 minute"},"schema":{"@context":"https:\/\/schema.org","@graph":[{"@type":"WebPage","@id":"https:\/\/warriorendurance.com\/contact\/","url":"https:\/\/warriorendurance.com\/contact\/","name":"Contacte-nous - Warrior Endurance","isPartOf":{"@id":"https:\/\/warriorendurance.com\/#website"},"primaryImageOfPage":{"@id":"https:\/\/warriorendurance.com\/contact\/#primaryimage"},"image":{"@id":"https:\/\/warriorendurance.com\/contact\/#primaryimage"},"thumbnailUrl":"https:\/\/warriorendurance.com\/wp-content\/uploads\/2019\/08\/alpha-001_hor_wm43.jpg","datePublished":"2018-10-15T20:35:01+00:00","dateModified":"2022-10-31T13:36:08+00:00","description":"Pose-nous tes questions sur la logistique de nos courses d'endurance. \u00c9vite toute question concernant tes d\u00e9fis \u00e0 venir. S\u00e9rieusement.","breadcrumb":{"@id":"https:\/\/warriorendurance.com\/contact\/#breadcrumb"},"inLanguage":"en-CA","potentialAction":[{"@type":"ReadAction","target":["https:\/\/warriorendurance.com\/contact\/"]}]},{"@type":"ImageObject","inLanguage":"en-CA","@id":"https:\/\/warriorendurance.com\/contact\/#primaryimage","url":"https:\/\/warriorendurance.com\/wp-content\/uploads\/2019\/08\/alpha-001_hor_wm43.jpg","contentUrl":"https:\/\/warriorendurance.com\/wp-content\/uploads\/2019\/08\/alpha-001_hor_wm43.jpg","width":1920,"height":933,"caption":"Warrior Endurance | Course d'endurance"},{"@type":"BreadcrumbList","@id":"https:\/\/warriorendurance.com\/contact\/#breadcrumb","itemListElement":[{"@type":"ListItem","position":1,"name":"Home","item":"https:\/\/warriorendurance.com\/"},{"@type":"ListItem","position":2,"name":"Contacte-nous"}]},{"@type":"WebSite","@id":"https:\/\/warriorendurance.com\/#website","url":"https:\/\/warriorendurance.com\/","name":"Warrior Endurance","description":"Adventure races and teamwork-based challenges","publisher":{"@id":"https:\/\/warriorendurance.com\/#organization"},"potentialAction":[{"@type":"SearchAction","target":{"@type":"EntryPoint","urlTemplate":"https:\/\/warriorendurance.com\/?s={search_term_string}"},"query-input":{"@type":"PropertyValueSpecification","valueRequired":true,"valueName":"search_term_string"}}],"inLanguage":"en-CA"},{"@type":"Organization","@id":"https:\/\/warriorendurance.com\/#organization","name":"Warrior Endurance","url":"https:\/\/warriorendurance.com\/","logo":{"@type":"ImageObject","inLanguage":"en-CA","@id":"https:\/\/warriorendurance.com\/#\/schema\/logo\/image\/","url":"https:\/\/warriorendurance.com\/wp-content\/uploads\/2019\/06\/WE_logo_1000px-dark.png","contentUrl":"https:\/\/warriorendurance.com\/wp-content\/uploads\/2019\/06\/WE_logo_1000px-dark.png","width":1000,"height":1000,"caption":"Warrior Endurance"},"image":{"@id":"https:\/\/warriorendurance.com\/#\/schema\/logo\/image\/"}}]}},"_links":{"self":[{"href":"https:\/\/warriorendurance.com\/en\/wp-json\/wp\/v2\/pages\/36","targetHints":{"allow":["GET"]}}],"collection":[{"href":"https:\/\/warriorendurance.com\/en\/wp-json\/wp\/v2\/pages"}],"about":[{"href":"https:\/\/warriorendurance.com\/en\/wp-json\/wp\/v2\/types\/page"}],"author":[{"embeddable":true,"href":"https:\/\/warriorendurance.com\/en\/wp-json\/wp\/v2\/users\/1"}],"replies":[{"embeddable":true,"href":"https:\/\/warriorendurance.com\/en\/wp-json\/wp\/v2\/comments?post=36"}],"version-history":[{"count":19,"href":"https:\/\/warriorendurance.com\/en\/wp-json\/wp\/v2\/pages\/36\/revisions"}],"predecessor-version":[{"id":4598,"href":"https:\/\/warriorendurance.com\/en\/wp-json\/wp\/v2\/pages\/36\/revisions\/4598"}],"wp:featuredmedia":[{"embeddable":true,"href":"https:\/\/warriorendurance.com\/en\/wp-json\/wp\/v2\/media\/1712"}],"wp:attachment":[{"href":"https:\/\/warriorendurance.com\/en\/wp-json\/wp\/v2\/media?parent=36"}],"curies":[{"name":"wp","href":"https:\/\/api.w.org\/{rel}","templated":true}]}}