{"id":6,"date":"2018-10-09T18:42:27","date_gmt":"2018-10-09T18:42:27","guid":{"rendered":"https:\/\/mudrace.progressionstudios.com\/checkout\/"},"modified":"2022-07-26T07:44:23","modified_gmt":"2022-07-26T11:44:23","slug":"checkout","status":"publish","type":"page","link":"https:\/\/warriorendurance.com\/en\/checkout\/","title":{"rendered":"Checkout"},"content":{"rendered":"<div class=\"woocommerce\"><\/div>","protected":false},"excerpt":{"rendered":"","protected":false},"author":1,"featured_media":4070,"parent":0,"menu_order":0,"comment_status":"closed","ping_status":"closed","template":"","meta":{"_monsterinsights_skip_tracking":false,"_monsterinsights_sitenote_active":false,"_monsterinsights_sitenote_note":"","_monsterinsights_sitenote_category":0,"footnotes":""},"class_list":["post-6","page","type-page","status-publish","has-post-thumbnail"],"yoast_head":"<!-- This site is optimized with the Yoast SEO plugin v27.1.1 - https:\/\/yoast.com\/product\/yoast-seo-wordpress\/ -->\n<title>Caisse - Warrior Endurance<\/title>\n<meta name=\"description\" content=\"Les courses d&#039;aventure et de d\u00e9fis coh\u00e9sifs de Warrior Endurance demandent un travail d&#039;\u00e9quipe pour \u00eatre compl\u00e9t\u00e9es. Accepte le d\u00e9fi.\" \/>\n<meta name=\"robots\" content=\"index, follow, max-snippet:-1, max-image-preview:large, max-video-preview:-1\" \/>\n<link rel=\"canonical\" href=\"https:\/\/warriorendurance.com\/en\/checkout\/\" \/>\n<meta property=\"og:locale\" content=\"en_US\" \/>\n<meta property=\"og:type\" content=\"article\" \/>\n<meta property=\"og:title\" content=\"Caisse - Warrior Endurance\" \/>\n<meta property=\"og:description\" content=\"Les courses d&#039;aventure et de d\u00e9fis coh\u00e9sifs de Warrior Endurance demandent un travail d&#039;\u00e9quipe pour \u00eatre compl\u00e9t\u00e9es. Accepte le d\u00e9fi.\" \/>\n<meta property=\"og:url\" content=\"https:\/\/warriorendurance.com\/en\/checkout\/\" \/>\n<meta property=\"og:site_name\" content=\"Warrior Endurance\" \/>\n<meta property=\"article:modified_time\" content=\"2022-07-26T11:44:23+00:00\" \/>\n<meta property=\"og:image\" content=\"https:\/\/warriorendurance.com\/wp-content\/uploads\/2022\/02\/MG_6397.jpg\" \/>\n\t<meta property=\"og:image:width\" content=\"1920\" \/>\n\t<meta property=\"og:image:height\" content=\"1143\" \/>\n\t<meta property=\"og:image:type\" content=\"image\/jpeg\" \/>\n<meta name=\"twitter:card\" content=\"summary_large_image\" \/>\n<meta name=\"twitter:label1\" content=\"Est. reading time\" \/>\n\t<meta name=\"twitter:data1\" content=\"1 minute\" \/>\n<script type=\"application\/ld+json\" class=\"yoast-schema-graph\">{\"@context\":\"https:\/\/schema.org\",\"@graph\":[{\"@type\":\"WebPage\",\"@id\":\"https:\/\/warriorendurance.com\/checkout\/\",\"url\":\"https:\/\/warriorendurance.com\/checkout\/\",\"name\":\"Caisse - Warrior Endurance\",\"isPartOf\":{\"@id\":\"https:\/\/warriorendurance.com\/#website\"},\"primaryImageOfPage\":{\"@id\":\"https:\/\/warriorendurance.com\/checkout\/#primaryimage\"},\"image\":{\"@id\":\"https:\/\/warriorendurance.com\/checkout\/#primaryimage\"},\"thumbnailUrl\":\"https:\/\/warriorendurance.com\/wp-content\/uploads\/2022\/02\/MG_6397.jpg\",\"datePublished\":\"2018-10-09T18:42:27+00:00\",\"dateModified\":\"2022-07-26T11:44:23+00:00\",\"description\":\"Les courses d'aventure et de d\u00e9fis coh\u00e9sifs de Warrior Endurance demandent un travail d'\u00e9quipe pour \u00eatre compl\u00e9t\u00e9es. Accepte le d\u00e9fi.\",\"breadcrumb\":{\"@id\":\"https:\/\/warriorendurance.com\/checkout\/#breadcrumb\"},\"inLanguage\":\"en-CA\",\"potentialAction\":[{\"@type\":\"ReadAction\",\"target\":[\"https:\/\/warriorendurance.com\/checkout\/\"]}]},{\"@type\":\"ImageObject\",\"inLanguage\":\"en-CA\",\"@id\":\"https:\/\/warriorendurance.com\/checkout\/#primaryimage\",\"url\":\"https:\/\/warriorendurance.com\/wp-content\/uploads\/2022\/02\/MG_6397.jpg\",\"contentUrl\":\"https:\/\/warriorendurance.com\/wp-content\/uploads\/2022\/02\/MG_6397.jpg\",\"width\":1920,\"height\":1143,\"caption\":\"Warrior Endurance | Course d'aventure\"},{\"@type\":\"BreadcrumbList\",\"@id\":\"https:\/\/warriorendurance.com\/checkout\/#breadcrumb\",\"itemListElement\":[{\"@type\":\"ListItem\",\"position\":1,\"name\":\"Home\",\"item\":\"https:\/\/warriorendurance.com\/\"},{\"@type\":\"ListItem\",\"position\":2,\"name\":\"Caisse\"}]},{\"@type\":\"WebSite\",\"@id\":\"https:\/\/warriorendurance.com\/#website\",\"url\":\"https:\/\/warriorendurance.com\/\",\"name\":\"Warrior Endurance\",\"description\":\"Courses d&#039;aventure et de d\u00e9fis coh\u00e9sifs | Adventure races and teamwork-based challenges\",\"publisher\":{\"@id\":\"https:\/\/warriorendurance.com\/#organization\"},\"potentialAction\":[{\"@type\":\"SearchAction\",\"target\":{\"@type\":\"EntryPoint\",\"urlTemplate\":\"https:\/\/warriorendurance.com\/?s={search_term_string}\"},\"query-input\":{\"@type\":\"PropertyValueSpecification\",\"valueRequired\":true,\"valueName\":\"search_term_string\"}}],\"inLanguage\":\"en-CA\"},{\"@type\":\"Organization\",\"@id\":\"https:\/\/warriorendurance.com\/#organization\",\"name\":\"Warrior Endurance\",\"url\":\"https:\/\/warriorendurance.com\/\",\"logo\":{\"@type\":\"ImageObject\",\"inLanguage\":\"en-CA\",\"@id\":\"https:\/\/warriorendurance.com\/#\/schema\/logo\/image\/\",\"url\":\"https:\/\/warriorendurance.com\/wp-content\/uploads\/2019\/06\/WE_logo_1000px-dark.png\",\"contentUrl\":\"https:\/\/warriorendurance.com\/wp-content\/uploads\/2019\/06\/WE_logo_1000px-dark.png\",\"width\":1000,\"height\":1000,\"caption\":\"Warrior Endurance\"},\"image\":{\"@id\":\"https:\/\/warriorendurance.com\/#\/schema\/logo\/image\/\"}}]}<\/script>\n<!-- \/ Yoast SEO plugin. -->","yoast_head_json":{"title":"Checkout - Warrior Endurance","description":"Les courses d'aventure et de d\u00e9fis coh\u00e9sifs de Warrior Endurance demandent un travail d'\u00e9quipe pour \u00eatre compl\u00e9t\u00e9es. Accepte le d\u00e9fi.","robots":{"index":"index","follow":"follow","max-snippet":"max-snippet:-1","max-image-preview":"max-image-preview:large","max-video-preview":"max-video-preview:-1"},"canonical":"https:\/\/warriorendurance.com\/en\/checkout\/","og_locale":"en_US","og_type":"article","og_title":"Caisse - Warrior Endurance","og_description":"Les courses d'aventure et de d\u00e9fis coh\u00e9sifs de Warrior Endurance demandent un travail d'\u00e9quipe pour \u00eatre compl\u00e9t\u00e9es. Accepte le d\u00e9fi.","og_url":"https:\/\/warriorendurance.com\/en\/checkout\/","og_site_name":"Warrior Endurance","article_modified_time":"2022-07-26T11:44:23+00:00","og_image":[{"width":1920,"height":1143,"url":"https:\/\/warriorendurance.com\/wp-content\/uploads\/2022\/02\/MG_6397.jpg","type":"image\/jpeg"}],"twitter_card":"summary_large_image","twitter_misc":{"Est. reading time":"1 minute"},"schema":{"@context":"https:\/\/schema.org","@graph":[{"@type":"WebPage","@id":"https:\/\/warriorendurance.com\/checkout\/","url":"https:\/\/warriorendurance.com\/checkout\/","name":"Checkout - Warrior Endurance","isPartOf":{"@id":"https:\/\/warriorendurance.com\/#website"},"primaryImageOfPage":{"@id":"https:\/\/warriorendurance.com\/checkout\/#primaryimage"},"image":{"@id":"https:\/\/warriorendurance.com\/checkout\/#primaryimage"},"thumbnailUrl":"https:\/\/warriorendurance.com\/wp-content\/uploads\/2022\/02\/MG_6397.jpg","datePublished":"2018-10-09T18:42:27+00:00","dateModified":"2022-07-26T11:44:23+00:00","description":"Les courses d'aventure et de d\u00e9fis coh\u00e9sifs de Warrior Endurance demandent un travail d'\u00e9quipe pour \u00eatre compl\u00e9t\u00e9es. Accepte le d\u00e9fi.","breadcrumb":{"@id":"https:\/\/warriorendurance.com\/checkout\/#breadcrumb"},"inLanguage":"en-CA","potentialAction":[{"@type":"ReadAction","target":["https:\/\/warriorendurance.com\/checkout\/"]}]},{"@type":"ImageObject","inLanguage":"en-CA","@id":"https:\/\/warriorendurance.com\/checkout\/#primaryimage","url":"https:\/\/warriorendurance.com\/wp-content\/uploads\/2022\/02\/MG_6397.jpg","contentUrl":"https:\/\/warriorendurance.com\/wp-content\/uploads\/2022\/02\/MG_6397.jpg","width":1920,"height":1143,"caption":"Warrior Endurance | Course d'aventure"},{"@type":"BreadcrumbList","@id":"https:\/\/warriorendurance.com\/checkout\/#breadcrumb","itemListElement":[{"@type":"ListItem","position":1,"name":"Home","item":"https:\/\/warriorendurance.com\/"},{"@type":"ListItem","position":2,"name":"Caisse"}]},{"@type":"WebSite","@id":"https:\/\/warriorendurance.com\/#website","url":"https:\/\/warriorendurance.com\/","name":"Warrior Endurance","description":"Adventure races and teamwork-based challenges","publisher":{"@id":"https:\/\/warriorendurance.com\/#organization"},"potentialAction":[{"@type":"SearchAction","target":{"@type":"EntryPoint","urlTemplate":"https:\/\/warriorendurance.com\/?s={search_term_string}"},"query-input":{"@type":"PropertyValueSpecification","valueRequired":true,"valueName":"search_term_string"}}],"inLanguage":"en-CA"},{"@type":"Organization","@id":"https:\/\/warriorendurance.com\/#organization","name":"Warrior Endurance","url":"https:\/\/warriorendurance.com\/","logo":{"@type":"ImageObject","inLanguage":"en-CA","@id":"https:\/\/warriorendurance.com\/#\/schema\/logo\/image\/","url":"https:\/\/warriorendurance.com\/wp-content\/uploads\/2019\/06\/WE_logo_1000px-dark.png","contentUrl":"https:\/\/warriorendurance.com\/wp-content\/uploads\/2019\/06\/WE_logo_1000px-dark.png","width":1000,"height":1000,"caption":"Warrior Endurance"},"image":{"@id":"https:\/\/warriorendurance.com\/#\/schema\/logo\/image\/"}}]}},"_links":{"self":[{"href":"https:\/\/warriorendurance.com\/en\/wp-json\/wp\/v2\/pages\/6","targetHints":{"allow":["GET"]}}],"collection":[{"href":"https:\/\/warriorendurance.com\/en\/wp-json\/wp\/v2\/pages"}],"about":[{"href":"https:\/\/warriorendurance.com\/en\/wp-json\/wp\/v2\/types\/page"}],"author":[{"embeddable":true,"href":"https:\/\/warriorendurance.com\/en\/wp-json\/wp\/v2\/users\/1"}],"replies":[{"embeddable":true,"href":"https:\/\/warriorendurance.com\/en\/wp-json\/wp\/v2\/comments?post=6"}],"version-history":[{"count":2,"href":"https:\/\/warriorendurance.com\/en\/wp-json\/wp\/v2\/pages\/6\/revisions"}],"predecessor-version":[{"id":4472,"href":"https:\/\/warriorendurance.com\/en\/wp-json\/wp\/v2\/pages\/6\/revisions\/4472"}],"wp:featuredmedia":[{"embeddable":true,"href":"https:\/\/warriorendurance.com\/en\/wp-json\/wp\/v2\/media\/4070"}],"wp:attachment":[{"href":"https:\/\/warriorendurance.com\/en\/wp-json\/wp\/v2\/media?parent=6"}],"curies":[{"name":"wp","href":"https:\/\/api.w.org\/{rel}","templated":true}]}}