{"id":4068,"date":"2022-02-17T14:07:33","date_gmt":"2022-02-17T19:07:33","guid":{"rendered":"https:\/\/warriorendurance.com\/?post_type=product&#038;p=4068"},"modified":"2023-02-22T09:58:23","modified_gmt":"2023-02-22T14:58:23","slug":"alpha-003-montreal","status":"publish","type":"product","link":"https:\/\/warriorendurance.com\/en\/product\/alpha-003-montreal\/","title":{"rendered":"Alpha-003 | Montr\u00e9al, Qc"},"content":{"rendered":"","protected":false},"excerpt":{"rendered":"<p>Group endurance race of 4 hours (or more) that will change your life.<\/p>\n<p>Date: Saturday, August 6th 2022 | Start: 05:00 PM<\/p>","protected":false},"featured_media":4146,"template":"","meta":{"_monsterinsights_skip_tracking":false,"_monsterinsights_sitenote_active":false,"_monsterinsights_sitenote_note":"","_monsterinsights_sitenote_category":0},"product_brand":[],"product_cat":[30],"product_tag":[32,31],"class_list":{"0":"post-4068","1":"product","2":"type-product","3":"status-publish","4":"has-post-thumbnail","6":"product_cat-events","7":"product_tag-alpha","8":"product_tag-montreal","10":"first","11":"outofstock","12":"virtual","13":"sold-individually","14":"taxable","15":"purchasable","16":"product-type-simple"},"yoast_head":"<!-- This site is optimized with the Yoast SEO plugin v27.1.1 - https:\/\/yoast.com\/product\/yoast-seo-wordpress\/ -->\n<title>Alpha-002 | Montr\u00e9al, Qc | 09\/10\/2021<\/title>\n<meta name=\"description\" content=\"Course d&#039;endurance en groupe de 4 heures + qui changera ta vie et t&#039;am\u00e9liorera comme humain. Rejoins tes co\u00e9quipier(\u00e8re)s et rencontre des d\u00e9fis en nature.\" \/>\n<meta name=\"robots\" content=\"index, follow, max-snippet:-1, max-image-preview:large, max-video-preview:-1\" \/>\n<link rel=\"canonical\" href=\"https:\/\/warriorendurance.com\/en\/product\/alpha-003-montreal\/\" \/>\n<meta property=\"og:locale\" content=\"en_US\" \/>\n<meta property=\"og:type\" content=\"article\" \/>\n<meta property=\"og:title\" content=\"Alpha-002 | Montr\u00e9al, Qc | 09\/10\/2021\" \/>\n<meta property=\"og:description\" content=\"Course d&#039;endurance en groupe de 4 heures + qui changera ta vie et t&#039;am\u00e9liorera comme humain. Rejoins tes co\u00e9quipier(\u00e8re)s et rencontre des d\u00e9fis en nature.\" \/>\n<meta property=\"og:url\" content=\"https:\/\/warriorendurance.com\/en\/product\/alpha-003-montreal\/\" \/>\n<meta property=\"og:site_name\" content=\"Warrior Endurance\" \/>\n<meta property=\"article:modified_time\" content=\"2023-02-22T14:58:23+00:00\" \/>\n<meta property=\"og:image\" content=\"https:\/\/warriorendurance.com\/wp-content\/uploads\/2022\/02\/we_wc_product_event-003.jpg\" \/>\n\t<meta property=\"og:image:width\" content=\"800\" \/>\n\t<meta property=\"og:image:height\" content=\"800\" \/>\n\t<meta property=\"og:image:type\" content=\"image\/jpeg\" \/>\n<meta name=\"twitter:card\" content=\"summary_large_image\" \/>\n<script type=\"application\/ld+json\" class=\"yoast-schema-graph\">{\"@context\":\"https:\/\/schema.org\",\"@graph\":[{\"@type\":\"WebPage\",\"@id\":\"https:\/\/warriorendurance.com\/product\/alpha-003-montreal\/\",\"url\":\"https:\/\/warriorendurance.com\/product\/alpha-003-montreal\/\",\"name\":\"Alpha-002 | Montr\u00e9al, Qc | 09\/10\/2021\",\"isPartOf\":{\"@id\":\"https:\/\/warriorendurance.com\/#website\"},\"primaryImageOfPage\":{\"@id\":\"https:\/\/warriorendurance.com\/product\/alpha-003-montreal\/#primaryimage\"},\"image\":{\"@id\":\"https:\/\/warriorendurance.com\/product\/alpha-003-montreal\/#primaryimage\"},\"thumbnailUrl\":\"https:\/\/warriorendurance.com\/wp-content\/uploads\/2022\/02\/we_wc_product_event-003.jpg\",\"datePublished\":\"2022-02-17T19:07:33+00:00\",\"dateModified\":\"2023-02-22T14:58:23+00:00\",\"description\":\"Course d'endurance en groupe de 4 heures + qui changera ta vie et t'am\u00e9liorera comme humain. Rejoins tes co\u00e9quipier(\u00e8re)s et rencontre des d\u00e9fis en nature.\",\"breadcrumb\":{\"@id\":\"https:\/\/warriorendurance.com\/product\/alpha-003-montreal\/#breadcrumb\"},\"inLanguage\":\"en-CA\",\"potentialAction\":[{\"@type\":\"ReadAction\",\"target\":[\"https:\/\/warriorendurance.com\/product\/alpha-003-montreal\/\"]}]},{\"@type\":\"ImageObject\",\"inLanguage\":\"en-CA\",\"@id\":\"https:\/\/warriorendurance.com\/product\/alpha-003-montreal\/#primaryimage\",\"url\":\"https:\/\/warriorendurance.com\/wp-content\/uploads\/2022\/02\/we_wc_product_event-003.jpg\",\"contentUrl\":\"https:\/\/warriorendurance.com\/wp-content\/uploads\/2022\/02\/we_wc_product_event-003.jpg\",\"width\":800,\"height\":800,\"caption\":\"Warrior Endurance | Course d'aventure et d'endurance | Alpha-003\"},{\"@type\":\"BreadcrumbList\",\"@id\":\"https:\/\/warriorendurance.com\/product\/alpha-003-montreal\/#breadcrumb\",\"itemListElement\":[{\"@type\":\"ListItem\",\"position\":1,\"name\":\"Home\",\"item\":\"https:\/\/warriorendurance.com\/\"},{\"@type\":\"ListItem\",\"position\":2,\"name\":\"S&rsquo;inscrire\",\"item\":\"https:\/\/warriorendurance.com\/shop\/\"},{\"@type\":\"ListItem\",\"position\":3,\"name\":\"Alpha-003 | Montr\u00e9al, Qc\"}]},{\"@type\":\"WebSite\",\"@id\":\"https:\/\/warriorendurance.com\/#website\",\"url\":\"https:\/\/warriorendurance.com\/\",\"name\":\"Warrior Endurance\",\"description\":\"Courses d&#039;aventure et de d\u00e9fis coh\u00e9sifs | Adventure races and teamwork-based challenges\",\"publisher\":{\"@id\":\"https:\/\/warriorendurance.com\/#organization\"},\"potentialAction\":[{\"@type\":\"SearchAction\",\"target\":{\"@type\":\"EntryPoint\",\"urlTemplate\":\"https:\/\/warriorendurance.com\/?s={search_term_string}\"},\"query-input\":{\"@type\":\"PropertyValueSpecification\",\"valueRequired\":true,\"valueName\":\"search_term_string\"}}],\"inLanguage\":\"en-CA\"},{\"@type\":\"Organization\",\"@id\":\"https:\/\/warriorendurance.com\/#organization\",\"name\":\"Warrior Endurance\",\"url\":\"https:\/\/warriorendurance.com\/\",\"logo\":{\"@type\":\"ImageObject\",\"inLanguage\":\"en-CA\",\"@id\":\"https:\/\/warriorendurance.com\/#\/schema\/logo\/image\/\",\"url\":\"https:\/\/warriorendurance.com\/wp-content\/uploads\/2019\/06\/WE_logo_1000px-dark.png\",\"contentUrl\":\"https:\/\/warriorendurance.com\/wp-content\/uploads\/2019\/06\/WE_logo_1000px-dark.png\",\"width\":1000,\"height\":1000,\"caption\":\"Warrior Endurance\"},\"image\":{\"@id\":\"https:\/\/warriorendurance.com\/#\/schema\/logo\/image\/\"}}]}<\/script>\n<!-- \/ Yoast SEO plugin. -->","yoast_head_json":{"title":"Alpha-002 | Montr\u00e9al, Qc | 09\/10\/2021","description":"Course d'endurance en groupe de 4 heures + qui changera ta vie et t'am\u00e9liorera comme humain. Rejoins tes co\u00e9quipier(\u00e8re)s et rencontre des d\u00e9fis en nature.","robots":{"index":"index","follow":"follow","max-snippet":"max-snippet:-1","max-image-preview":"max-image-preview:large","max-video-preview":"max-video-preview:-1"},"canonical":"https:\/\/warriorendurance.com\/en\/product\/alpha-003-montreal\/","og_locale":"en_US","og_type":"article","og_title":"Alpha-002 | Montr\u00e9al, Qc | 09\/10\/2021","og_description":"Course d'endurance en groupe de 4 heures + qui changera ta vie et t'am\u00e9liorera comme humain. Rejoins tes co\u00e9quipier(\u00e8re)s et rencontre des d\u00e9fis en nature.","og_url":"https:\/\/warriorendurance.com\/en\/product\/alpha-003-montreal\/","og_site_name":"Warrior Endurance","article_modified_time":"2023-02-22T14:58:23+00:00","og_image":[{"width":800,"height":800,"url":"https:\/\/warriorendurance.com\/wp-content\/uploads\/2022\/02\/we_wc_product_event-003.jpg","type":"image\/jpeg"}],"twitter_card":"summary_large_image","schema":{"@context":"https:\/\/schema.org","@graph":[{"@type":"WebPage","@id":"https:\/\/warriorendurance.com\/product\/alpha-003-montreal\/","url":"https:\/\/warriorendurance.com\/product\/alpha-003-montreal\/","name":"Alpha-002 | Montr\u00e9al, Qc | 09\/10\/2021","isPartOf":{"@id":"https:\/\/warriorendurance.com\/#website"},"primaryImageOfPage":{"@id":"https:\/\/warriorendurance.com\/product\/alpha-003-montreal\/#primaryimage"},"image":{"@id":"https:\/\/warriorendurance.com\/product\/alpha-003-montreal\/#primaryimage"},"thumbnailUrl":"https:\/\/warriorendurance.com\/wp-content\/uploads\/2022\/02\/we_wc_product_event-003.jpg","datePublished":"2022-02-17T19:07:33+00:00","dateModified":"2023-02-22T14:58:23+00:00","description":"Course d'endurance en groupe de 4 heures + qui changera ta vie et t'am\u00e9liorera comme humain. Rejoins tes co\u00e9quipier(\u00e8re)s et rencontre des d\u00e9fis en nature.","breadcrumb":{"@id":"https:\/\/warriorendurance.com\/product\/alpha-003-montreal\/#breadcrumb"},"inLanguage":"en-CA","potentialAction":[{"@type":"ReadAction","target":["https:\/\/warriorendurance.com\/product\/alpha-003-montreal\/"]}]},{"@type":"ImageObject","inLanguage":"en-CA","@id":"https:\/\/warriorendurance.com\/product\/alpha-003-montreal\/#primaryimage","url":"https:\/\/warriorendurance.com\/wp-content\/uploads\/2022\/02\/we_wc_product_event-003.jpg","contentUrl":"https:\/\/warriorendurance.com\/wp-content\/uploads\/2022\/02\/we_wc_product_event-003.jpg","width":800,"height":800,"caption":"Warrior Endurance | Course d'aventure et d'endurance | Alpha-003"},{"@type":"BreadcrumbList","@id":"https:\/\/warriorendurance.com\/product\/alpha-003-montreal\/#breadcrumb","itemListElement":[{"@type":"ListItem","position":1,"name":"Home","item":"https:\/\/warriorendurance.com\/"},{"@type":"ListItem","position":2,"name":"S&rsquo;inscrire","item":"https:\/\/warriorendurance.com\/shop\/"},{"@type":"ListItem","position":3,"name":"Alpha-003 | Montr\u00e9al, Qc"}]},{"@type":"WebSite","@id":"https:\/\/warriorendurance.com\/#website","url":"https:\/\/warriorendurance.com\/","name":"Warrior Endurance","description":"Adventure races and teamwork-based challenges","publisher":{"@id":"https:\/\/warriorendurance.com\/#organization"},"potentialAction":[{"@type":"SearchAction","target":{"@type":"EntryPoint","urlTemplate":"https:\/\/warriorendurance.com\/?s={search_term_string}"},"query-input":{"@type":"PropertyValueSpecification","valueRequired":true,"valueName":"search_term_string"}}],"inLanguage":"en-CA"},{"@type":"Organization","@id":"https:\/\/warriorendurance.com\/#organization","name":"Warrior Endurance","url":"https:\/\/warriorendurance.com\/","logo":{"@type":"ImageObject","inLanguage":"en-CA","@id":"https:\/\/warriorendurance.com\/#\/schema\/logo\/image\/","url":"https:\/\/warriorendurance.com\/wp-content\/uploads\/2019\/06\/WE_logo_1000px-dark.png","contentUrl":"https:\/\/warriorendurance.com\/wp-content\/uploads\/2019\/06\/WE_logo_1000px-dark.png","width":1000,"height":1000,"caption":"Warrior Endurance"},"image":{"@id":"https:\/\/warriorendurance.com\/#\/schema\/logo\/image\/"}}]}},"_links":{"self":[{"href":"https:\/\/warriorendurance.com\/en\/wp-json\/wp\/v2\/product\/4068","targetHints":{"allow":["GET"]}}],"collection":[{"href":"https:\/\/warriorendurance.com\/en\/wp-json\/wp\/v2\/product"}],"about":[{"href":"https:\/\/warriorendurance.com\/en\/wp-json\/wp\/v2\/types\/product"}],"version-history":[{"count":7,"href":"https:\/\/warriorendurance.com\/en\/wp-json\/wp\/v2\/product\/4068\/revisions"}],"predecessor-version":[{"id":4467,"href":"https:\/\/warriorendurance.com\/en\/wp-json\/wp\/v2\/product\/4068\/revisions\/4467"}],"wp:featuredmedia":[{"embeddable":true,"href":"https:\/\/warriorendurance.com\/en\/wp-json\/wp\/v2\/media\/4146"}],"wp:attachment":[{"href":"https:\/\/warriorendurance.com\/en\/wp-json\/wp\/v2\/media?parent=4068"}],"wp:term":[{"taxonomy":"product_brand","embeddable":true,"href":"https:\/\/warriorendurance.com\/en\/wp-json\/wp\/v2\/product_brand?post=4068"},{"taxonomy":"product_cat","embeddable":true,"href":"https:\/\/warriorendurance.com\/en\/wp-json\/wp\/v2\/product_cat?post=4068"},{"taxonomy":"product_tag","embeddable":true,"href":"https:\/\/warriorendurance.com\/en\/wp-json\/wp\/v2\/product_tag?post=4068"}],"curies":[{"name":"wp","href":"https:\/\/api.w.org\/{rel}","templated":true}]}}