{"id":4499,"date":"2022-08-06T22:00:32","date_gmt":"2022-08-07T02:00:32","guid":{"rendered":"https:\/\/warriorendurance.com\/?post_type=product&#038;p=4499"},"modified":"2023-06-27T12:12:10","modified_gmt":"2023-06-27T16:12:10","slug":"alpha-004-ottawa-ontario","status":"publish","type":"product","link":"https:\/\/warriorendurance.com\/en\/product\/alpha-004-ottawa-ontario\/","title":{"rendered":"Alpha-004 | Ottawa, On"},"content":{"rendered":"","protected":false},"excerpt":{"rendered":"<p>Group endurance race of 4 hours (or more) that will change your life.<\/p>\n<p>Endroit: Ottawa, Ontario | Date: Samedi, 1er juillet 2023 | D\u00e9part: 18H00<\/p>","protected":false},"featured_media":4501,"template":"","meta":{"_monsterinsights_skip_tracking":false,"_monsterinsights_sitenote_active":false,"_monsterinsights_sitenote_note":"","_monsterinsights_sitenote_category":0},"product_brand":[],"product_cat":[30],"product_tag":[32,110,108,109],"class_list":{"0":"post-4499","1":"product","2":"type-product","3":"status-publish","4":"has-post-thumbnail","6":"product_cat-events","7":"product_tag-alpha","8":"product_tag-course","9":"product_tag-ottawa","10":"product_tag-warrior-endurance","12":"first","13":"instock","14":"sold-individually","15":"taxable","16":"shipping-taxable","17":"purchasable","18":"product-type-simple"},"yoast_head":"<!-- This site is optimized with the Yoast SEO plugin v27.1.1 - https:\/\/yoast.com\/product\/yoast-seo-wordpress\/ -->\n<title>Alpha-004 | Ottawa, On | 01\/07\/2023<\/title>\n<meta name=\"description\" content=\"Course d&#039;endurance en groupe de 4 heures + qui changera ta vie et t&#039;am\u00e9liorera comme humain. Rejoins tes co\u00e9quipier(\u00e8re)s et rencontre des d\u00e9fis en nature.\" \/>\n<meta name=\"robots\" content=\"index, follow, max-snippet:-1, max-image-preview:large, max-video-preview:-1\" \/>\n<link rel=\"canonical\" href=\"https:\/\/warriorendurance.com\/en\/product\/alpha-004-ottawa-ontario\/\" \/>\n<meta property=\"og:locale\" content=\"en_US\" \/>\n<meta property=\"og:type\" content=\"article\" \/>\n<meta property=\"og:title\" content=\"Alpha-004 | Ottawa, On | 01\/07\/2023\" \/>\n<meta property=\"og:description\" content=\"Course d&#039;endurance en groupe de 4 heures + qui changera ta vie et t&#039;am\u00e9liorera comme humain. Rejoins tes co\u00e9quipier(\u00e8re)s et rencontre des d\u00e9fis en nature.\" \/>\n<meta property=\"og:url\" content=\"https:\/\/warriorendurance.com\/en\/product\/alpha-004-ottawa-ontario\/\" \/>\n<meta property=\"og:site_name\" content=\"Warrior Endurance\" \/>\n<meta property=\"article:modified_time\" content=\"2023-06-27T16:12:10+00:00\" \/>\n<meta property=\"og:image\" content=\"https:\/\/warriorendurance.com\/wp-content\/uploads\/2022\/08\/we_wc_product_event_004.jpg\" \/>\n\t<meta property=\"og:image:width\" content=\"800\" \/>\n\t<meta property=\"og:image:height\" content=\"800\" \/>\n\t<meta property=\"og:image:type\" content=\"image\/jpeg\" \/>\n<meta name=\"twitter:card\" content=\"summary_large_image\" \/>\n<script type=\"application\/ld+json\" class=\"yoast-schema-graph\">{\"@context\":\"https:\/\/schema.org\",\"@graph\":[{\"@type\":\"WebPage\",\"@id\":\"https:\/\/warriorendurance.com\/product\/alpha-004-ottawa-ontario\/\",\"url\":\"https:\/\/warriorendurance.com\/product\/alpha-004-ottawa-ontario\/\",\"name\":\"Alpha-004 | Ottawa, On | 01\/07\/2023\",\"isPartOf\":{\"@id\":\"https:\/\/warriorendurance.com\/#website\"},\"primaryImageOfPage\":{\"@id\":\"https:\/\/warriorendurance.com\/product\/alpha-004-ottawa-ontario\/#primaryimage\"},\"image\":{\"@id\":\"https:\/\/warriorendurance.com\/product\/alpha-004-ottawa-ontario\/#primaryimage\"},\"thumbnailUrl\":\"https:\/\/warriorendurance.com\/wp-content\/uploads\/2022\/08\/we_wc_product_event_004.jpg\",\"datePublished\":\"2022-08-07T02:00:32+00:00\",\"dateModified\":\"2023-06-27T16:12:10+00:00\",\"description\":\"Course d'endurance en groupe de 4 heures + qui changera ta vie et t'am\u00e9liorera comme humain. Rejoins tes co\u00e9quipier(\u00e8re)s et rencontre des d\u00e9fis en nature.\",\"breadcrumb\":{\"@id\":\"https:\/\/warriorendurance.com\/product\/alpha-004-ottawa-ontario\/#breadcrumb\"},\"inLanguage\":\"en-CA\",\"potentialAction\":[{\"@type\":\"ReadAction\",\"target\":[\"https:\/\/warriorendurance.com\/product\/alpha-004-ottawa-ontario\/\"]}]},{\"@type\":\"ImageObject\",\"inLanguage\":\"en-CA\",\"@id\":\"https:\/\/warriorendurance.com\/product\/alpha-004-ottawa-ontario\/#primaryimage\",\"url\":\"https:\/\/warriorendurance.com\/wp-content\/uploads\/2022\/08\/we_wc_product_event_004.jpg\",\"contentUrl\":\"https:\/\/warriorendurance.com\/wp-content\/uploads\/2022\/08\/we_wc_product_event_004.jpg\",\"width\":800,\"height\":800,\"caption\":\"Warrior Endurance | Course d'aventure et d'endurance | Alpha-004\"},{\"@type\":\"BreadcrumbList\",\"@id\":\"https:\/\/warriorendurance.com\/product\/alpha-004-ottawa-ontario\/#breadcrumb\",\"itemListElement\":[{\"@type\":\"ListItem\",\"position\":1,\"name\":\"Home\",\"item\":\"https:\/\/warriorendurance.com\/\"},{\"@type\":\"ListItem\",\"position\":2,\"name\":\"S&rsquo;inscrire\",\"item\":\"https:\/\/warriorendurance.com\/shop\/\"},{\"@type\":\"ListItem\",\"position\":3,\"name\":\"Alpha-004 | Ottawa, On\"}]},{\"@type\":\"WebSite\",\"@id\":\"https:\/\/warriorendurance.com\/#website\",\"url\":\"https:\/\/warriorendurance.com\/\",\"name\":\"Warrior Endurance\",\"description\":\"Courses d&#039;aventure et de d\u00e9fis coh\u00e9sifs | Adventure races and teamwork-based challenges\",\"publisher\":{\"@id\":\"https:\/\/warriorendurance.com\/#organization\"},\"potentialAction\":[{\"@type\":\"SearchAction\",\"target\":{\"@type\":\"EntryPoint\",\"urlTemplate\":\"https:\/\/warriorendurance.com\/?s={search_term_string}\"},\"query-input\":{\"@type\":\"PropertyValueSpecification\",\"valueRequired\":true,\"valueName\":\"search_term_string\"}}],\"inLanguage\":\"en-CA\"},{\"@type\":\"Organization\",\"@id\":\"https:\/\/warriorendurance.com\/#organization\",\"name\":\"Warrior Endurance\",\"url\":\"https:\/\/warriorendurance.com\/\",\"logo\":{\"@type\":\"ImageObject\",\"inLanguage\":\"en-CA\",\"@id\":\"https:\/\/warriorendurance.com\/#\/schema\/logo\/image\/\",\"url\":\"https:\/\/warriorendurance.com\/wp-content\/uploads\/2019\/06\/WE_logo_1000px-dark.png\",\"contentUrl\":\"https:\/\/warriorendurance.com\/wp-content\/uploads\/2019\/06\/WE_logo_1000px-dark.png\",\"width\":1000,\"height\":1000,\"caption\":\"Warrior Endurance\"},\"image\":{\"@id\":\"https:\/\/warriorendurance.com\/#\/schema\/logo\/image\/\"}}]}<\/script>\n<!-- \/ Yoast SEO plugin. -->","yoast_head_json":{"title":"Alpha-004 | Ottawa, On | 01\/07\/2023","description":"Course d'endurance en groupe de 4 heures + qui changera ta vie et t'am\u00e9liorera comme humain. Rejoins tes co\u00e9quipier(\u00e8re)s et rencontre des d\u00e9fis en nature.","robots":{"index":"index","follow":"follow","max-snippet":"max-snippet:-1","max-image-preview":"max-image-preview:large","max-video-preview":"max-video-preview:-1"},"canonical":"https:\/\/warriorendurance.com\/en\/product\/alpha-004-ottawa-ontario\/","og_locale":"en_US","og_type":"article","og_title":"Alpha-004 | Ottawa, On | 01\/07\/2023","og_description":"Course d'endurance en groupe de 4 heures + qui changera ta vie et t'am\u00e9liorera comme humain. Rejoins tes co\u00e9quipier(\u00e8re)s et rencontre des d\u00e9fis en nature.","og_url":"https:\/\/warriorendurance.com\/en\/product\/alpha-004-ottawa-ontario\/","og_site_name":"Warrior Endurance","article_modified_time":"2023-06-27T16:12:10+00:00","og_image":[{"width":800,"height":800,"url":"https:\/\/warriorendurance.com\/wp-content\/uploads\/2022\/08\/we_wc_product_event_004.jpg","type":"image\/jpeg"}],"twitter_card":"summary_large_image","schema":{"@context":"https:\/\/schema.org","@graph":[{"@type":"WebPage","@id":"https:\/\/warriorendurance.com\/product\/alpha-004-ottawa-ontario\/","url":"https:\/\/warriorendurance.com\/product\/alpha-004-ottawa-ontario\/","name":"Alpha-004 | Ottawa, On | 01\/07\/2023","isPartOf":{"@id":"https:\/\/warriorendurance.com\/#website"},"primaryImageOfPage":{"@id":"https:\/\/warriorendurance.com\/product\/alpha-004-ottawa-ontario\/#primaryimage"},"image":{"@id":"https:\/\/warriorendurance.com\/product\/alpha-004-ottawa-ontario\/#primaryimage"},"thumbnailUrl":"https:\/\/warriorendurance.com\/wp-content\/uploads\/2022\/08\/we_wc_product_event_004.jpg","datePublished":"2022-08-07T02:00:32+00:00","dateModified":"2023-06-27T16:12:10+00:00","description":"Course d'endurance en groupe de 4 heures + qui changera ta vie et t'am\u00e9liorera comme humain. Rejoins tes co\u00e9quipier(\u00e8re)s et rencontre des d\u00e9fis en nature.","breadcrumb":{"@id":"https:\/\/warriorendurance.com\/product\/alpha-004-ottawa-ontario\/#breadcrumb"},"inLanguage":"en-CA","potentialAction":[{"@type":"ReadAction","target":["https:\/\/warriorendurance.com\/product\/alpha-004-ottawa-ontario\/"]}]},{"@type":"ImageObject","inLanguage":"en-CA","@id":"https:\/\/warriorendurance.com\/product\/alpha-004-ottawa-ontario\/#primaryimage","url":"https:\/\/warriorendurance.com\/wp-content\/uploads\/2022\/08\/we_wc_product_event_004.jpg","contentUrl":"https:\/\/warriorendurance.com\/wp-content\/uploads\/2022\/08\/we_wc_product_event_004.jpg","width":800,"height":800,"caption":"Warrior Endurance | Course d'aventure et d'endurance | Alpha-004"},{"@type":"BreadcrumbList","@id":"https:\/\/warriorendurance.com\/product\/alpha-004-ottawa-ontario\/#breadcrumb","itemListElement":[{"@type":"ListItem","position":1,"name":"Home","item":"https:\/\/warriorendurance.com\/"},{"@type":"ListItem","position":2,"name":"S&rsquo;inscrire","item":"https:\/\/warriorendurance.com\/shop\/"},{"@type":"ListItem","position":3,"name":"Alpha-004 | Ottawa, On"}]},{"@type":"WebSite","@id":"https:\/\/warriorendurance.com\/#website","url":"https:\/\/warriorendurance.com\/","name":"Warrior Endurance","description":"Adventure races and teamwork-based challenges","publisher":{"@id":"https:\/\/warriorendurance.com\/#organization"},"potentialAction":[{"@type":"SearchAction","target":{"@type":"EntryPoint","urlTemplate":"https:\/\/warriorendurance.com\/?s={search_term_string}"},"query-input":{"@type":"PropertyValueSpecification","valueRequired":true,"valueName":"search_term_string"}}],"inLanguage":"en-CA"},{"@type":"Organization","@id":"https:\/\/warriorendurance.com\/#organization","name":"Warrior Endurance","url":"https:\/\/warriorendurance.com\/","logo":{"@type":"ImageObject","inLanguage":"en-CA","@id":"https:\/\/warriorendurance.com\/#\/schema\/logo\/image\/","url":"https:\/\/warriorendurance.com\/wp-content\/uploads\/2019\/06\/WE_logo_1000px-dark.png","contentUrl":"https:\/\/warriorendurance.com\/wp-content\/uploads\/2019\/06\/WE_logo_1000px-dark.png","width":1000,"height":1000,"caption":"Warrior Endurance"},"image":{"@id":"https:\/\/warriorendurance.com\/#\/schema\/logo\/image\/"}}]}},"_links":{"self":[{"href":"https:\/\/warriorendurance.com\/en\/wp-json\/wp\/v2\/product\/4499","targetHints":{"allow":["GET"]}}],"collection":[{"href":"https:\/\/warriorendurance.com\/en\/wp-json\/wp\/v2\/product"}],"about":[{"href":"https:\/\/warriorendurance.com\/en\/wp-json\/wp\/v2\/types\/product"}],"version-history":[{"count":3,"href":"https:\/\/warriorendurance.com\/en\/wp-json\/wp\/v2\/product\/4499\/revisions"}],"predecessor-version":[{"id":4626,"href":"https:\/\/warriorendurance.com\/en\/wp-json\/wp\/v2\/product\/4499\/revisions\/4626"}],"wp:featuredmedia":[{"embeddable":true,"href":"https:\/\/warriorendurance.com\/en\/wp-json\/wp\/v2\/media\/4501"}],"wp:attachment":[{"href":"https:\/\/warriorendurance.com\/en\/wp-json\/wp\/v2\/media?parent=4499"}],"wp:term":[{"taxonomy":"product_brand","embeddable":true,"href":"https:\/\/warriorendurance.com\/en\/wp-json\/wp\/v2\/product_brand?post=4499"},{"taxonomy":"product_cat","embeddable":true,"href":"https:\/\/warriorendurance.com\/en\/wp-json\/wp\/v2\/product_cat?post=4499"},{"taxonomy":"product_tag","embeddable":true,"href":"https:\/\/warriorendurance.com\/en\/wp-json\/wp\/v2\/product_tag?post=4499"}],"curies":[{"name":"wp","href":"https:\/\/api.w.org\/{rel}","templated":true}]}}