{"id":497,"date":"2019-06-11T10:42:48","date_gmt":"2019-06-11T14:42:48","guid":{"rendered":"https:\/\/warriorendurance.com\/?post_type=product&#038;p=497"},"modified":"2020-03-05T12:45:42","modified_gmt":"2020-03-05T17:45:42","slug":"alpha-001-montreal-endurance","status":"publish","type":"product","link":"https:\/\/warriorendurance.com\/en\/product\/alpha-001-montreal-endurance\/","title":{"rendered":"Alpha-001 | Montr\u00e9al, Qc Sat, August 24th 2019 Start: 05:00 PM"},"content":{"rendered":"","protected":false},"excerpt":{"rendered":"<p>\u00c9v\u00e9nement de renforcement d&rsquo;\u00e9quipe de 4 heures (ou plus) qui changera votre vie.<\/p>","protected":false},"featured_media":500,"template":"","meta":{"_monsterinsights_skip_tracking":false,"_monsterinsights_sitenote_active":false,"_monsterinsights_sitenote_note":"","_monsterinsights_sitenote_category":0},"product_brand":[],"product_cat":[30],"product_tag":[32,31],"class_list":{"0":"post-497","1":"product","2":"type-product","3":"status-publish","4":"has-post-thumbnail","6":"product_cat-events","7":"product_tag-alpha","8":"product_tag-montreal","10":"first","11":"outofstock","12":"virtual","13":"sold-individually","14":"taxable","15":"purchasable","16":"product-type-simple"},"yoast_head":"<!-- This site is optimized with the Yoast SEO plugin v27.1.1 - https:\/\/yoast.com\/product\/yoast-seo-wordpress\/ -->\n<title>Alpha-001 | Montr\u00e9al, Qc Sam, 24 ao\u00fbt 2019 D\u00e9part: 17H00 - Warrior Endurance<\/title>\n<meta name=\"description\" content=\"\u00c9v\u00e9nement de renforcement d&#039;\u00e9quipe de 4 heures (ou plus) qui changera votre vie.\" \/>\n<meta name=\"robots\" content=\"index, follow, max-snippet:-1, max-image-preview:large, max-video-preview:-1\" \/>\n<link rel=\"canonical\" href=\"https:\/\/warriorendurance.com\/en\/product\/alpha-001-montreal-endurance\/\" \/>\n<meta property=\"og:locale\" content=\"en_US\" \/>\n<meta property=\"og:type\" content=\"article\" \/>\n<meta property=\"og:title\" content=\"Alpha-001 | Montr\u00e9al, Qc Sam, 24 ao\u00fbt 2019 D\u00e9part: 17H00 - Warrior Endurance\" \/>\n<meta property=\"og:description\" content=\"\u00c9v\u00e9nement de renforcement d&#039;\u00e9quipe de 4 heures (ou plus) qui changera votre vie.\" \/>\n<meta property=\"og:url\" content=\"https:\/\/warriorendurance.com\/en\/product\/alpha-001-montreal-endurance\/\" \/>\n<meta property=\"og:site_name\" content=\"Warrior Endurance\" \/>\n<meta property=\"article:modified_time\" content=\"2020-03-05T17:45:42+00:00\" \/>\n<meta property=\"og:image\" content=\"https:\/\/warriorendurance.com\/wp-content\/uploads\/2019\/06\/we_wc_product_event-alpha001.jpg\" \/>\n\t<meta property=\"og:image:width\" content=\"800\" \/>\n\t<meta property=\"og:image:height\" content=\"800\" \/>\n\t<meta property=\"og:image:type\" content=\"image\/jpeg\" \/>\n<meta name=\"twitter:card\" content=\"summary_large_image\" \/>\n<script type=\"application\/ld+json\" class=\"yoast-schema-graph\">{\"@context\":\"https:\/\/schema.org\",\"@graph\":[{\"@type\":\"WebPage\",\"@id\":\"https:\/\/warriorendurance.com\/product\/alpha-001-montreal-endurance\/\",\"url\":\"https:\/\/warriorendurance.com\/product\/alpha-001-montreal-endurance\/\",\"name\":\"Alpha-001 | Montr\u00e9al, Qc Sam, 24 ao\u00fbt 2019 D\u00e9part: 17H00 - Warrior Endurance\",\"isPartOf\":{\"@id\":\"https:\/\/warriorendurance.com\/#website\"},\"primaryImageOfPage\":{\"@id\":\"https:\/\/warriorendurance.com\/product\/alpha-001-montreal-endurance\/#primaryimage\"},\"image\":{\"@id\":\"https:\/\/warriorendurance.com\/product\/alpha-001-montreal-endurance\/#primaryimage\"},\"thumbnailUrl\":\"https:\/\/warriorendurance.com\/wp-content\/uploads\/2019\/06\/we_wc_product_event-alpha001.jpg\",\"datePublished\":\"2019-06-11T14:42:48+00:00\",\"dateModified\":\"2020-03-05T17:45:42+00:00\",\"description\":\"\u00c9v\u00e9nement de renforcement d'\u00e9quipe de 4 heures (ou plus) qui changera votre vie.\",\"breadcrumb\":{\"@id\":\"https:\/\/warriorendurance.com\/product\/alpha-001-montreal-endurance\/#breadcrumb\"},\"inLanguage\":\"en-CA\",\"potentialAction\":[{\"@type\":\"ReadAction\",\"target\":[\"https:\/\/warriorendurance.com\/product\/alpha-001-montreal-endurance\/\"]}]},{\"@type\":\"ImageObject\",\"inLanguage\":\"en-CA\",\"@id\":\"https:\/\/warriorendurance.com\/product\/alpha-001-montreal-endurance\/#primaryimage\",\"url\":\"https:\/\/warriorendurance.com\/wp-content\/uploads\/2019\/06\/we_wc_product_event-alpha001.jpg\",\"contentUrl\":\"https:\/\/warriorendurance.com\/wp-content\/uploads\/2019\/06\/we_wc_product_event-alpha001.jpg\",\"width\":800,\"height\":800},{\"@type\":\"BreadcrumbList\",\"@id\":\"https:\/\/warriorendurance.com\/product\/alpha-001-montreal-endurance\/#breadcrumb\",\"itemListElement\":[{\"@type\":\"ListItem\",\"position\":1,\"name\":\"Home\",\"item\":\"https:\/\/warriorendurance.com\/\"},{\"@type\":\"ListItem\",\"position\":2,\"name\":\"S&rsquo;inscrire\",\"item\":\"https:\/\/warriorendurance.com\/shop\/\"},{\"@type\":\"ListItem\",\"position\":3,\"name\":\"Alpha-001 | Montr\u00e9al, Qc Sam, 24 ao\u00fbt 2019 D\u00e9part: 17H00\"}]},{\"@type\":\"WebSite\",\"@id\":\"https:\/\/warriorendurance.com\/#website\",\"url\":\"https:\/\/warriorendurance.com\/\",\"name\":\"Warrior Endurance\",\"description\":\"Courses d&#039;aventure et de d\u00e9fis coh\u00e9sifs | Adventure races and teamwork-based challenges\",\"publisher\":{\"@id\":\"https:\/\/warriorendurance.com\/#organization\"},\"potentialAction\":[{\"@type\":\"SearchAction\",\"target\":{\"@type\":\"EntryPoint\",\"urlTemplate\":\"https:\/\/warriorendurance.com\/?s={search_term_string}\"},\"query-input\":{\"@type\":\"PropertyValueSpecification\",\"valueRequired\":true,\"valueName\":\"search_term_string\"}}],\"inLanguage\":\"en-CA\"},{\"@type\":\"Organization\",\"@id\":\"https:\/\/warriorendurance.com\/#organization\",\"name\":\"Warrior Endurance\",\"url\":\"https:\/\/warriorendurance.com\/\",\"logo\":{\"@type\":\"ImageObject\",\"inLanguage\":\"en-CA\",\"@id\":\"https:\/\/warriorendurance.com\/#\/schema\/logo\/image\/\",\"url\":\"https:\/\/warriorendurance.com\/wp-content\/uploads\/2019\/06\/WE_logo_1000px-dark.png\",\"contentUrl\":\"https:\/\/warriorendurance.com\/wp-content\/uploads\/2019\/06\/WE_logo_1000px-dark.png\",\"width\":1000,\"height\":1000,\"caption\":\"Warrior Endurance\"},\"image\":{\"@id\":\"https:\/\/warriorendurance.com\/#\/schema\/logo\/image\/\"}}]}<\/script>\n<!-- \/ Yoast SEO plugin. -->","yoast_head_json":{"title":"Alpha-001 | Montr\u00e9al, Qc Sam, 24 ao\u00fbt 2019 D\u00e9part: 17H00 - Warrior Endurance","description":"\u00c9v\u00e9nement de renforcement d'\u00e9quipe de 4 heures (ou plus) qui changera votre vie.","robots":{"index":"index","follow":"follow","max-snippet":"max-snippet:-1","max-image-preview":"max-image-preview:large","max-video-preview":"max-video-preview:-1"},"canonical":"https:\/\/warriorendurance.com\/en\/product\/alpha-001-montreal-endurance\/","og_locale":"en_US","og_type":"article","og_title":"Alpha-001 | Montr\u00e9al, Qc Sam, 24 ao\u00fbt 2019 D\u00e9part: 17H00 - Warrior Endurance","og_description":"\u00c9v\u00e9nement de renforcement d'\u00e9quipe de 4 heures (ou plus) qui changera votre vie.","og_url":"https:\/\/warriorendurance.com\/en\/product\/alpha-001-montreal-endurance\/","og_site_name":"Warrior Endurance","article_modified_time":"2020-03-05T17:45:42+00:00","og_image":[{"width":800,"height":800,"url":"https:\/\/warriorendurance.com\/wp-content\/uploads\/2019\/06\/we_wc_product_event-alpha001.jpg","type":"image\/jpeg"}],"twitter_card":"summary_large_image","schema":{"@context":"https:\/\/schema.org","@graph":[{"@type":"WebPage","@id":"https:\/\/warriorendurance.com\/product\/alpha-001-montreal-endurance\/","url":"https:\/\/warriorendurance.com\/product\/alpha-001-montreal-endurance\/","name":"Alpha-001 | Montr\u00e9al, Qc Sam, 24 ao\u00fbt 2019 D\u00e9part: 17H00 - Warrior Endurance","isPartOf":{"@id":"https:\/\/warriorendurance.com\/#website"},"primaryImageOfPage":{"@id":"https:\/\/warriorendurance.com\/product\/alpha-001-montreal-endurance\/#primaryimage"},"image":{"@id":"https:\/\/warriorendurance.com\/product\/alpha-001-montreal-endurance\/#primaryimage"},"thumbnailUrl":"https:\/\/warriorendurance.com\/wp-content\/uploads\/2019\/06\/we_wc_product_event-alpha001.jpg","datePublished":"2019-06-11T14:42:48+00:00","dateModified":"2020-03-05T17:45:42+00:00","description":"\u00c9v\u00e9nement de renforcement d'\u00e9quipe de 4 heures (ou plus) qui changera votre vie.","breadcrumb":{"@id":"https:\/\/warriorendurance.com\/product\/alpha-001-montreal-endurance\/#breadcrumb"},"inLanguage":"en-CA","potentialAction":[{"@type":"ReadAction","target":["https:\/\/warriorendurance.com\/product\/alpha-001-montreal-endurance\/"]}]},{"@type":"ImageObject","inLanguage":"en-CA","@id":"https:\/\/warriorendurance.com\/product\/alpha-001-montreal-endurance\/#primaryimage","url":"https:\/\/warriorendurance.com\/wp-content\/uploads\/2019\/06\/we_wc_product_event-alpha001.jpg","contentUrl":"https:\/\/warriorendurance.com\/wp-content\/uploads\/2019\/06\/we_wc_product_event-alpha001.jpg","width":800,"height":800},{"@type":"BreadcrumbList","@id":"https:\/\/warriorendurance.com\/product\/alpha-001-montreal-endurance\/#breadcrumb","itemListElement":[{"@type":"ListItem","position":1,"name":"Home","item":"https:\/\/warriorendurance.com\/"},{"@type":"ListItem","position":2,"name":"S&rsquo;inscrire","item":"https:\/\/warriorendurance.com\/shop\/"},{"@type":"ListItem","position":3,"name":"Alpha-001 | Montr\u00e9al, Qc Sam, 24 ao\u00fbt 2019 D\u00e9part: 17H00"}]},{"@type":"WebSite","@id":"https:\/\/warriorendurance.com\/#website","url":"https:\/\/warriorendurance.com\/","name":"Warrior Endurance","description":"Adventure races and teamwork-based challenges","publisher":{"@id":"https:\/\/warriorendurance.com\/#organization"},"potentialAction":[{"@type":"SearchAction","target":{"@type":"EntryPoint","urlTemplate":"https:\/\/warriorendurance.com\/?s={search_term_string}"},"query-input":{"@type":"PropertyValueSpecification","valueRequired":true,"valueName":"search_term_string"}}],"inLanguage":"en-CA"},{"@type":"Organization","@id":"https:\/\/warriorendurance.com\/#organization","name":"Warrior Endurance","url":"https:\/\/warriorendurance.com\/","logo":{"@type":"ImageObject","inLanguage":"en-CA","@id":"https:\/\/warriorendurance.com\/#\/schema\/logo\/image\/","url":"https:\/\/warriorendurance.com\/wp-content\/uploads\/2019\/06\/WE_logo_1000px-dark.png","contentUrl":"https:\/\/warriorendurance.com\/wp-content\/uploads\/2019\/06\/WE_logo_1000px-dark.png","width":1000,"height":1000,"caption":"Warrior Endurance"},"image":{"@id":"https:\/\/warriorendurance.com\/#\/schema\/logo\/image\/"}}]}},"_links":{"self":[{"href":"https:\/\/warriorendurance.com\/en\/wp-json\/wp\/v2\/product\/497","targetHints":{"allow":["GET"]}}],"collection":[{"href":"https:\/\/warriorendurance.com\/en\/wp-json\/wp\/v2\/product"}],"about":[{"href":"https:\/\/warriorendurance.com\/en\/wp-json\/wp\/v2\/types\/product"}],"version-history":[{"count":3,"href":"https:\/\/warriorendurance.com\/en\/wp-json\/wp\/v2\/product\/497\/revisions"}],"predecessor-version":[{"id":498,"href":"https:\/\/warriorendurance.com\/en\/wp-json\/wp\/v2\/product\/497\/revisions\/498"}],"wp:featuredmedia":[{"embeddable":true,"href":"https:\/\/warriorendurance.com\/en\/wp-json\/wp\/v2\/media\/500"}],"wp:attachment":[{"href":"https:\/\/warriorendurance.com\/en\/wp-json\/wp\/v2\/media?parent=497"}],"wp:term":[{"taxonomy":"product_brand","embeddable":true,"href":"https:\/\/warriorendurance.com\/en\/wp-json\/wp\/v2\/product_brand?post=497"},{"taxonomy":"product_cat","embeddable":true,"href":"https:\/\/warriorendurance.com\/en\/wp-json\/wp\/v2\/product_cat?post=497"},{"taxonomy":"product_tag","embeddable":true,"href":"https:\/\/warriorendurance.com\/en\/wp-json\/wp\/v2\/product_tag?post=497"}],"curies":[{"name":"wp","href":"https:\/\/api.w.org\/{rel}","templated":true}]}}