{"id":5328,"date":"2023-10-04T10:16:34","date_gmt":"2023-10-04T14:16:34","guid":{"rendered":"https:\/\/warriorendurance.com\/?post_type=product&#038;p=5328"},"modified":"2023-10-04T10:25:57","modified_gmt":"2023-10-04T14:25:57","slug":"warrior-workout-saint-bruno-2024","status":"publish","type":"product","link":"https:\/\/warriorendurance.com\/en\/product\/warrior-workout-saint-bruno-2024\/","title":{"rendered":"Warrior Workout | Saint-Bruno, Qc"},"content":{"rendered":"","protected":false},"excerpt":{"rendered":"<p>Our 90-min Warrior Workouts will elevate your warrior spirit through intense challenges that will push the limits of your endurance.<\/p>\n<ul>\n<li>Endroit: Parc Marie-Victorin, Saint-Bruno, Qu\u00e9bec<\/li>\n<li>Date: Dimanche, 26 mai 2023<\/li>\n<li>Heure: 10h00<\/li>\n<\/ul>","protected":false},"featured_media":5329,"template":"","meta":{"_monsterinsights_skip_tracking":false,"_monsterinsights_sitenote_active":false,"_monsterinsights_sitenote_note":"","_monsterinsights_sitenote_category":0},"product_brand":[],"product_cat":[30],"product_tag":[161,159,160,109,135,117],"class_list":{"0":"post-5328","1":"product","2":"type-product","3":"status-publish","4":"has-post-thumbnail","6":"product_cat-events","7":"product_tag-parc-marie-victorin","8":"product_tag-saint-bruno","9":"product_tag-st-bruno","10":"product_tag-warrior-endurance","11":"product_tag-warrior-workout","12":"product_tag-workout","14":"first","15":"instock","16":"virtual","17":"sold-individually","18":"taxable","19":"purchasable","20":"product-type-simple"},"yoast_head":"<!-- This site is optimized with the Yoast SEO plugin v27.1.1 - https:\/\/yoast.com\/product\/yoast-seo-wordpress\/ -->\n<title>Warrior Workout | 26.05.24 | Saint-Bruno, Qc<\/title>\n<meta name=\"description\" content=\"Nos Warrior Workouts de 90 minutes \u00e9l\u00e8vent ton esprit de guerrier \u00e0 travers des d\u00e9fis intenses qui pousseront les limites de ton endurance.\" \/>\n<meta name=\"robots\" content=\"index, follow, max-snippet:-1, max-image-preview:large, max-video-preview:-1\" \/>\n<link rel=\"canonical\" href=\"https:\/\/warriorendurance.com\/en\/product\/warrior-workout-saint-bruno-2024\/\" \/>\n<meta property=\"og:locale\" content=\"en_US\" \/>\n<meta property=\"og:type\" content=\"article\" \/>\n<meta property=\"og:title\" content=\"Warrior Workout | 26.05.24 | Saint-Bruno, Qc\" \/>\n<meta property=\"og:description\" content=\"Nos Warrior Workouts de 90 minutes \u00e9l\u00e8vent ton esprit de guerrier \u00e0 travers des d\u00e9fis intenses qui pousseront les limites de ton endurance.\" \/>\n<meta property=\"og:url\" content=\"https:\/\/warriorendurance.com\/en\/product\/warrior-workout-saint-bruno-2024\/\" \/>\n<meta property=\"og:site_name\" content=\"Warrior Endurance\" \/>\n<meta property=\"article:modified_time\" content=\"2023-10-04T14:25:57+00:00\" \/>\n<meta property=\"og:image\" content=\"https:\/\/warriorendurance.com\/wp-content\/uploads\/2023\/10\/SQUARE-SHOP-SAVE-AS-800-PX.jpg\" \/>\n\t<meta property=\"og:image:width\" content=\"800\" \/>\n\t<meta property=\"og:image:height\" content=\"800\" \/>\n\t<meta property=\"og:image:type\" content=\"image\/jpeg\" \/>\n<meta name=\"twitter:card\" content=\"summary_large_image\" \/>\n<script type=\"application\/ld+json\" class=\"yoast-schema-graph\">{\"@context\":\"https:\/\/schema.org\",\"@graph\":[{\"@type\":\"WebPage\",\"@id\":\"https:\/\/warriorendurance.com\/product\/warrior-workout-saint-bruno-2024\/\",\"url\":\"https:\/\/warriorendurance.com\/product\/warrior-workout-saint-bruno-2024\/\",\"name\":\"Warrior Workout | 26.05.24 | Saint-Bruno, Qc\",\"isPartOf\":{\"@id\":\"https:\/\/warriorendurance.com\/#website\"},\"primaryImageOfPage\":{\"@id\":\"https:\/\/warriorendurance.com\/product\/warrior-workout-saint-bruno-2024\/#primaryimage\"},\"image\":{\"@id\":\"https:\/\/warriorendurance.com\/product\/warrior-workout-saint-bruno-2024\/#primaryimage\"},\"thumbnailUrl\":\"https:\/\/warriorendurance.com\/wp-content\/uploads\/2023\/10\/SQUARE-SHOP-SAVE-AS-800-PX.jpg\",\"datePublished\":\"2023-10-04T14:16:34+00:00\",\"dateModified\":\"2023-10-04T14:25:57+00:00\",\"description\":\"Nos Warrior Workouts de 90 minutes \u00e9l\u00e8vent ton esprit de guerrier \u00e0 travers des d\u00e9fis intenses qui pousseront les limites de ton endurance.\",\"breadcrumb\":{\"@id\":\"https:\/\/warriorendurance.com\/product\/warrior-workout-saint-bruno-2024\/#breadcrumb\"},\"inLanguage\":\"en-CA\",\"potentialAction\":[{\"@type\":\"ReadAction\",\"target\":[\"https:\/\/warriorendurance.com\/product\/warrior-workout-saint-bruno-2024\/\"]}]},{\"@type\":\"ImageObject\",\"inLanguage\":\"en-CA\",\"@id\":\"https:\/\/warriorendurance.com\/product\/warrior-workout-saint-bruno-2024\/#primaryimage\",\"url\":\"https:\/\/warriorendurance.com\/wp-content\/uploads\/2023\/10\/SQUARE-SHOP-SAVE-AS-800-PX.jpg\",\"contentUrl\":\"https:\/\/warriorendurance.com\/wp-content\/uploads\/2023\/10\/SQUARE-SHOP-SAVE-AS-800-PX.jpg\",\"width\":800,\"height\":800,\"caption\":\"Warrior Workout | Saint-Bruno |\u00a0Warrior Endurance\"},{\"@type\":\"BreadcrumbList\",\"@id\":\"https:\/\/warriorendurance.com\/product\/warrior-workout-saint-bruno-2024\/#breadcrumb\",\"itemListElement\":[{\"@type\":\"ListItem\",\"position\":1,\"name\":\"Home\",\"item\":\"https:\/\/warriorendurance.com\/\"},{\"@type\":\"ListItem\",\"position\":2,\"name\":\"S&rsquo;inscrire\",\"item\":\"https:\/\/warriorendurance.com\/shop\/\"},{\"@type\":\"ListItem\",\"position\":3,\"name\":\"Warrior Workout | Saint-Bruno, Qc\"}]},{\"@type\":\"WebSite\",\"@id\":\"https:\/\/warriorendurance.com\/#website\",\"url\":\"https:\/\/warriorendurance.com\/\",\"name\":\"Warrior Endurance\",\"description\":\"Courses d&#039;aventure et de d\u00e9fis coh\u00e9sifs | Adventure races and teamwork-based challenges\",\"publisher\":{\"@id\":\"https:\/\/warriorendurance.com\/#organization\"},\"potentialAction\":[{\"@type\":\"SearchAction\",\"target\":{\"@type\":\"EntryPoint\",\"urlTemplate\":\"https:\/\/warriorendurance.com\/?s={search_term_string}\"},\"query-input\":{\"@type\":\"PropertyValueSpecification\",\"valueRequired\":true,\"valueName\":\"search_term_string\"}}],\"inLanguage\":\"en-CA\"},{\"@type\":\"Organization\",\"@id\":\"https:\/\/warriorendurance.com\/#organization\",\"name\":\"Warrior Endurance\",\"url\":\"https:\/\/warriorendurance.com\/\",\"logo\":{\"@type\":\"ImageObject\",\"inLanguage\":\"en-CA\",\"@id\":\"https:\/\/warriorendurance.com\/#\/schema\/logo\/image\/\",\"url\":\"https:\/\/warriorendurance.com\/wp-content\/uploads\/2019\/06\/WE_logo_1000px-dark.png\",\"contentUrl\":\"https:\/\/warriorendurance.com\/wp-content\/uploads\/2019\/06\/WE_logo_1000px-dark.png\",\"width\":1000,\"height\":1000,\"caption\":\"Warrior Endurance\"},\"image\":{\"@id\":\"https:\/\/warriorendurance.com\/#\/schema\/logo\/image\/\"}}]}<\/script>\n<!-- \/ Yoast SEO plugin. -->","yoast_head_json":{"title":"Warrior Workout | 26.05.24 | Saint-Bruno, Qc","description":"Our 90-min Warrior Workouts will elevate your warrior spirit through intense challenges that will push the limits of your endurance.","robots":{"index":"index","follow":"follow","max-snippet":"max-snippet:-1","max-image-preview":"max-image-preview:large","max-video-preview":"max-video-preview:-1"},"canonical":"https:\/\/warriorendurance.com\/en\/product\/warrior-workout-saint-bruno-2024\/","og_locale":"en_US","og_type":"article","og_title":"Warrior Workout | 26.05.24 | Saint-Bruno, Qc","og_description":"Nos Warrior Workouts de 90 minutes \u00e9l\u00e8vent ton esprit de guerrier \u00e0 travers des d\u00e9fis intenses qui pousseront les limites de ton endurance.","og_url":"https:\/\/warriorendurance.com\/en\/product\/warrior-workout-saint-bruno-2024\/","og_site_name":"Warrior Endurance","article_modified_time":"2023-10-04T14:25:57+00:00","og_image":[{"width":800,"height":800,"url":"https:\/\/warriorendurance.com\/wp-content\/uploads\/2023\/10\/SQUARE-SHOP-SAVE-AS-800-PX.jpg","type":"image\/jpeg"}],"twitter_card":"summary_large_image","schema":{"@context":"https:\/\/schema.org","@graph":[{"@type":"WebPage","@id":"https:\/\/warriorendurance.com\/product\/warrior-workout-saint-bruno-2024\/","url":"https:\/\/warriorendurance.com\/product\/warrior-workout-saint-bruno-2024\/","name":"Warrior Workout | 26.05.24 | Saint-Bruno, Qc","isPartOf":{"@id":"https:\/\/warriorendurance.com\/#website"},"primaryImageOfPage":{"@id":"https:\/\/warriorendurance.com\/product\/warrior-workout-saint-bruno-2024\/#primaryimage"},"image":{"@id":"https:\/\/warriorendurance.com\/product\/warrior-workout-saint-bruno-2024\/#primaryimage"},"thumbnailUrl":"https:\/\/warriorendurance.com\/wp-content\/uploads\/2023\/10\/SQUARE-SHOP-SAVE-AS-800-PX.jpg","datePublished":"2023-10-04T14:16:34+00:00","dateModified":"2023-10-04T14:25:57+00:00","description":"Our 90-min Warrior Workouts will elevate your warrior spirit through intense challenges that will push the limits of your endurance.","breadcrumb":{"@id":"https:\/\/warriorendurance.com\/product\/warrior-workout-saint-bruno-2024\/#breadcrumb"},"inLanguage":"en-CA","potentialAction":[{"@type":"ReadAction","target":["https:\/\/warriorendurance.com\/product\/warrior-workout-saint-bruno-2024\/"]}]},{"@type":"ImageObject","inLanguage":"en-CA","@id":"https:\/\/warriorendurance.com\/product\/warrior-workout-saint-bruno-2024\/#primaryimage","url":"https:\/\/warriorendurance.com\/wp-content\/uploads\/2023\/10\/SQUARE-SHOP-SAVE-AS-800-PX.jpg","contentUrl":"https:\/\/warriorendurance.com\/wp-content\/uploads\/2023\/10\/SQUARE-SHOP-SAVE-AS-800-PX.jpg","width":800,"height":800,"caption":"Warrior Workout | Saint-Bruno |\u00a0Warrior Endurance"},{"@type":"BreadcrumbList","@id":"https:\/\/warriorendurance.com\/product\/warrior-workout-saint-bruno-2024\/#breadcrumb","itemListElement":[{"@type":"ListItem","position":1,"name":"Home","item":"https:\/\/warriorendurance.com\/"},{"@type":"ListItem","position":2,"name":"S&rsquo;inscrire","item":"https:\/\/warriorendurance.com\/shop\/"},{"@type":"ListItem","position":3,"name":"Warrior Workout | Saint-Bruno, Qc"}]},{"@type":"WebSite","@id":"https:\/\/warriorendurance.com\/#website","url":"https:\/\/warriorendurance.com\/","name":"Warrior Endurance","description":"Adventure races and teamwork-based challenges","publisher":{"@id":"https:\/\/warriorendurance.com\/#organization"},"potentialAction":[{"@type":"SearchAction","target":{"@type":"EntryPoint","urlTemplate":"https:\/\/warriorendurance.com\/?s={search_term_string}"},"query-input":{"@type":"PropertyValueSpecification","valueRequired":true,"valueName":"search_term_string"}}],"inLanguage":"en-CA"},{"@type":"Organization","@id":"https:\/\/warriorendurance.com\/#organization","name":"Warrior Endurance","url":"https:\/\/warriorendurance.com\/","logo":{"@type":"ImageObject","inLanguage":"en-CA","@id":"https:\/\/warriorendurance.com\/#\/schema\/logo\/image\/","url":"https:\/\/warriorendurance.com\/wp-content\/uploads\/2019\/06\/WE_logo_1000px-dark.png","contentUrl":"https:\/\/warriorendurance.com\/wp-content\/uploads\/2019\/06\/WE_logo_1000px-dark.png","width":1000,"height":1000,"caption":"Warrior Endurance"},"image":{"@id":"https:\/\/warriorendurance.com\/#\/schema\/logo\/image\/"}}]}},"_links":{"self":[{"href":"https:\/\/warriorendurance.com\/en\/wp-json\/wp\/v2\/product\/5328","targetHints":{"allow":["GET"]}}],"collection":[{"href":"https:\/\/warriorendurance.com\/en\/wp-json\/wp\/v2\/product"}],"about":[{"href":"https:\/\/warriorendurance.com\/en\/wp-json\/wp\/v2\/types\/product"}],"version-history":[{"count":2,"href":"https:\/\/warriorendurance.com\/en\/wp-json\/wp\/v2\/product\/5328\/revisions"}],"predecessor-version":[{"id":5332,"href":"https:\/\/warriorendurance.com\/en\/wp-json\/wp\/v2\/product\/5328\/revisions\/5332"}],"wp:featuredmedia":[{"embeddable":true,"href":"https:\/\/warriorendurance.com\/en\/wp-json\/wp\/v2\/media\/5329"}],"wp:attachment":[{"href":"https:\/\/warriorendurance.com\/en\/wp-json\/wp\/v2\/media?parent=5328"}],"wp:term":[{"taxonomy":"product_brand","embeddable":true,"href":"https:\/\/warriorendurance.com\/en\/wp-json\/wp\/v2\/product_brand?post=5328"},{"taxonomy":"product_cat","embeddable":true,"href":"https:\/\/warriorendurance.com\/en\/wp-json\/wp\/v2\/product_cat?post=5328"},{"taxonomy":"product_tag","embeddable":true,"href":"https:\/\/warriorendurance.com\/en\/wp-json\/wp\/v2\/product_tag?post=5328"}],"curies":[{"name":"wp","href":"https:\/\/api.w.org\/{rel}","templated":true}]}}